{"id":17,"date":"2023-08-29T16:14:43","date_gmt":"2023-08-29T16:14:43","guid":{"rendered":"https:\/\/biketourworld.com\/?page_id=17"},"modified":"2023-08-30T17:06:28","modified_gmt":"2023-08-30T17:06:28","slug":"bike-tour-world","status":"publish","type":"page","link":"https:\/\/biketourworld.com\/","title":{"rendered":"Home"},"content":{"rendered":"<section  class='av_textblock_section av-llwt2uhe-42e362f94583c4130ab3e7de8fcb0a9e '   itemscope=\"itemscope\" itemtype=\"https:\/\/schema.org\/CreativeWork\" ><div class='avia_textblock'  itemprop=\"text\" ><blockquote>\n<p>L`amour pour le voyage<\/p>\n<\/blockquote>\n<p>En VTT autour du monde, depuis aussi longtemps que je me souvienne, le d\u00e9sir d\u2019explorer le monde a toujours br\u00fbl\u00e9 en moi. Il existe de nombreuses fa\u00e7ons de d\u00e9couvrir notre vaste et magnifique plan\u00e8te, mais une m\u00e9thode se distingue particuli\u00e8rement \u00e0 mes yeux : le voyage en VTT autour du monde en solitaire.<\/p>\n<\/div><\/section>\n","protected":false},"excerpt":{"rendered":"","protected":false},"author":1,"featured_media":14,"parent":0,"menu_order":0,"comment_status":"closed","ping_status":"closed","template":"","meta":{"footnotes":""},"yoast_head":"<!-- This site is optimized with the Yoast SEO plugin v21.0 - https:\/\/yoast.com\/wordpress\/plugins\/seo\/ -->\n<title>Bike tour world - Home<\/title>\n<meta name=\"description\" content=\"Bike tour world, l`amour pour le voyage en VTT autour du monde Depuis aussi longtemps que je me souvienne, le d\u00e9sir d&#039;explorer le monde\" \/>\n<meta name=\"robots\" content=\"index, follow, max-snippet:-1, max-image-preview:large, max-video-preview:-1\" \/>\n<link rel=\"canonical\" href=\"https:\/\/biketourworld.com\/index.php\/bike-tour-world\/\" \/>\n<meta property=\"og:locale\" content=\"en_US\" \/>\n<meta property=\"og:type\" content=\"article\" \/>\n<meta property=\"og:title\" content=\"Bike tour world - Home\" \/>\n<meta property=\"og:description\" content=\"Bike tour world, l`amour pour le voyage en VTT autour du monde Depuis aussi longtemps que je me souvienne, le d\u00e9sir d&#039;explorer le monde\" \/>\n<meta property=\"og:url\" content=\"https:\/\/biketourworld.com\/index.php\/bike-tour-world\/\" \/>\n<meta property=\"og:site_name\" content=\"Bike tour world\" \/>\n<meta property=\"article:modified_time\" content=\"2023-08-30T17:06:28+00:00\" \/>\n<meta property=\"og:image\" content=\"https:\/\/biketourworld.com\/wp-content\/uploads\/2023\/08\/58E8824F-70C8-4C05-AC4F-E21802E5DD20-scaled.jpeg\" \/>\n\t<meta property=\"og:image:width\" content=\"2560\" \/>\n\t<meta property=\"og:image:height\" content=\"2560\" \/>\n\t<meta property=\"og:image:type\" content=\"image\/jpeg\" \/>\n<meta name=\"twitter:card\" content=\"summary_large_image\" \/>\n<meta name=\"twitter:title\" content=\"Bike tour world - Home\" \/>\n<meta name=\"twitter:description\" content=\"Bike tour world, l`amour pour le voyage en VTT autour du monde Depuis aussi longtemps que je me souvienne, le d\u00e9sir d&#039;explorer le monde\" \/>\n<meta name=\"twitter:image\" content=\"https:\/\/biketourworld.com\/wp-content\/uploads\/2023\/08\/58E8824F-70C8-4C05-AC4F-E21802E5DD20-scaled.jpeg\" \/>\n<meta name=\"twitter:label1\" content=\"Est. reading time\" \/>\n\t<meta name=\"twitter:data1\" content=\"1 minute\" \/>\n<script type=\"application\/ld+json\" class=\"yoast-schema-graph\">{\"@context\":\"https:\/\/schema.org\",\"@graph\":[{\"@type\":\"WebPage\",\"@id\":\"https:\/\/biketourworld.com\/index.php\/bike-tour-world\/\",\"url\":\"https:\/\/biketourworld.com\/index.php\/bike-tour-world\/\",\"name\":\"Bike tour world - Home\",\"isPartOf\":{\"@id\":\"https:\/\/biketourworld.com\/#website\"},\"datePublished\":\"2023-08-29T16:14:43+00:00\",\"dateModified\":\"2023-08-30T17:06:28+00:00\",\"description\":\"Bike tour world, l`amour pour le voyage en VTT autour du monde Depuis aussi longtemps que je me souvienne, le d\u00e9sir d'explorer le monde\",\"breadcrumb\":{\"@id\":\"https:\/\/biketourworld.com\/index.php\/bike-tour-world\/#breadcrumb\"},\"inLanguage\":\"en-US\",\"potentialAction\":[{\"@type\":\"ReadAction\",\"target\":[\"https:\/\/biketourworld.com\/index.php\/bike-tour-world\/\"]}]},{\"@type\":\"BreadcrumbList\",\"@id\":\"https:\/\/biketourworld.com\/index.php\/bike-tour-world\/#breadcrumb\",\"itemListElement\":[{\"@type\":\"ListItem\",\"position\":1,\"name\":\"Home\",\"item\":\"https:\/\/biketourworld.com\/index.php\/bike-tour-world\/\"},{\"@type\":\"ListItem\",\"position\":2,\"name\":\"Home\"}]},{\"@type\":\"WebSite\",\"@id\":\"https:\/\/biketourworld.com\/#website\",\"url\":\"https:\/\/biketourworld.com\/\",\"name\":\"Bike tour world\",\"description\":\"\",\"potentialAction\":[{\"@type\":\"SearchAction\",\"target\":{\"@type\":\"EntryPoint\",\"urlTemplate\":\"https:\/\/biketourworld.com\/?s={search_term_string}\"},\"query-input\":\"required name=search_term_string\"}],\"inLanguage\":\"en-US\"}]}<\/script>\n<!-- \/ Yoast SEO plugin. -->","yoast_head_json":{"title":"Bike tour world - Home","description":"Bike tour world, l`amour pour le voyage en VTT autour du monde Depuis aussi longtemps que je me souvienne, le d\u00e9sir d'explorer le monde","robots":{"index":"index","follow":"follow","max-snippet":"max-snippet:-1","max-image-preview":"max-image-preview:large","max-video-preview":"max-video-preview:-1"},"canonical":"https:\/\/biketourworld.com\/index.php\/bike-tour-world\/","og_locale":"en_US","og_type":"article","og_title":"Bike tour world - Home","og_description":"Bike tour world, l`amour pour le voyage en VTT autour du monde Depuis aussi longtemps que je me souvienne, le d\u00e9sir d'explorer le monde","og_url":"https:\/\/biketourworld.com\/index.php\/bike-tour-world\/","og_site_name":"Bike tour world","article_modified_time":"2023-08-30T17:06:28+00:00","og_image":[{"width":2560,"height":2560,"url":"https:\/\/biketourworld.com\/wp-content\/uploads\/2023\/08\/58E8824F-70C8-4C05-AC4F-E21802E5DD20-scaled.jpeg","type":"image\/jpeg"}],"twitter_card":"summary_large_image","twitter_title":"Bike tour world - Home","twitter_description":"Bike tour world, l`amour pour le voyage en VTT autour du monde Depuis aussi longtemps que je me souvienne, le d\u00e9sir d'explorer le monde","twitter_image":"https:\/\/biketourworld.com\/wp-content\/uploads\/2023\/08\/58E8824F-70C8-4C05-AC4F-E21802E5DD20-scaled.jpeg","twitter_misc":{"Est. reading time":"1 minute"},"schema":{"@context":"https:\/\/schema.org","@graph":[{"@type":"WebPage","@id":"https:\/\/biketourworld.com\/index.php\/bike-tour-world\/","url":"https:\/\/biketourworld.com\/index.php\/bike-tour-world\/","name":"Bike tour world - Home","isPartOf":{"@id":"https:\/\/biketourworld.com\/#website"},"datePublished":"2023-08-29T16:14:43+00:00","dateModified":"2023-08-30T17:06:28+00:00","description":"Bike tour world, l`amour pour le voyage en VTT autour du monde Depuis aussi longtemps que je me souvienne, le d\u00e9sir d'explorer le monde","breadcrumb":{"@id":"https:\/\/biketourworld.com\/index.php\/bike-tour-world\/#breadcrumb"},"inLanguage":"en-US","potentialAction":[{"@type":"ReadAction","target":["https:\/\/biketourworld.com\/index.php\/bike-tour-world\/"]}]},{"@type":"BreadcrumbList","@id":"https:\/\/biketourworld.com\/index.php\/bike-tour-world\/#breadcrumb","itemListElement":[{"@type":"ListItem","position":1,"name":"Home","item":"https:\/\/biketourworld.com\/index.php\/bike-tour-world\/"},{"@type":"ListItem","position":2,"name":"Home"}]},{"@type":"WebSite","@id":"https:\/\/biketourworld.com\/#website","url":"https:\/\/biketourworld.com\/","name":"Bike tour world","description":"","potentialAction":[{"@type":"SearchAction","target":{"@type":"EntryPoint","urlTemplate":"https:\/\/biketourworld.com\/?s={search_term_string}"},"query-input":"required name=search_term_string"}],"inLanguage":"en-US"}]}},"_links":{"self":[{"href":"https:\/\/biketourworld.com\/index.php\/wp-json\/wp\/v2\/pages\/17"}],"collection":[{"href":"https:\/\/biketourworld.com\/index.php\/wp-json\/wp\/v2\/pages"}],"about":[{"href":"https:\/\/biketourworld.com\/index.php\/wp-json\/wp\/v2\/types\/page"}],"author":[{"embeddable":true,"href":"https:\/\/biketourworld.com\/index.php\/wp-json\/wp\/v2\/users\/1"}],"replies":[{"embeddable":true,"href":"https:\/\/biketourworld.com\/index.php\/wp-json\/wp\/v2\/comments?post=17"}],"version-history":[{"count":32,"href":"https:\/\/biketourworld.com\/index.php\/wp-json\/wp\/v2\/pages\/17\/revisions"}],"predecessor-version":[{"id":62,"href":"https:\/\/biketourworld.com\/index.php\/wp-json\/wp\/v2\/pages\/17\/revisions\/62"}],"wp:featuredmedia":[{"embeddable":true,"href":"https:\/\/biketourworld.com\/index.php\/wp-json\/wp\/v2\/media\/14"}],"wp:attachment":[{"href":"https:\/\/biketourworld.com\/index.php\/wp-json\/wp\/v2\/media?parent=17"}],"curies":[{"name":"wp","href":"https:\/\/api.w.org\/{rel}","templated":true}]}}